{"id":1534,"date":"2025-02-05T10:18:22","date_gmt":"2025-02-05T10:18:22","guid":{"rendered":"https:\/\/buddy-migrants.eu\/?page_id=1534"},"modified":"2025-02-05T10:20:01","modified_gmt":"2025-02-05T10:20:01","slug":"zakljucno-srecanje-partnerjev-v-gradcu-v-avstriji","status":"publish","type":"page","link":"https:\/\/buddy-migrants.eu\/?page_id=1534&lang=sl","title":{"rendered":"Zaklju\u010dno sre\u010danje partnerjev v Gradcu v Avstriji"},"content":{"rendered":"\t\t<div data-elementor-type=\"wp-page\" data-elementor-id=\"1534\" class=\"elementor elementor-1534\" data-elementor-settings=\"{&quot;ha_cmc_init_switcher&quot;:&quot;no&quot;}\">\n\t\t\t\t\t\t<section class=\"elementor-section elementor-top-section elementor-element elementor-element-ed3a7c1 elementor-section-boxed elementor-section-height-default elementor-section-height-default\" data-id=\"ed3a7c1\" data-element_type=\"section\" data-e-type=\"section\" data-settings=\"{&quot;background_background&quot;:&quot;classic&quot;,&quot;shape_divider_bottom&quot;:&quot;triangle-asymmetrical&quot;,&quot;shape_divider_bottom_negative&quot;:&quot;yes&quot;,&quot;_ha_eqh_enable&quot;:false}\">\n\t\t\t\t\t\t\t<div class=\"elementor-background-overlay\"><\/div>\n\t\t\t\t\t\t<div class=\"elementor-shape elementor-shape-bottom\" aria-hidden=\"true\" data-negative=\"true\">\n\t\t\t<svg xmlns=\"http:\/\/www.w3.org\/2000\/svg\" viewBox=\"0 0 1000 100\" preserveAspectRatio=\"none\">\n\t<path class=\"elementor-shape-fill\" d=\"M737.9,94.7L0,0v100h1000V0L737.9,94.7z\"\/>\n<\/svg>\t\t<\/div>\n\t\t\t\t\t<div class=\"elementor-container elementor-column-gap-default\">\n\t\t\t\t\t<div class=\"elementor-column elementor-col-100 elementor-top-column elementor-element elementor-element-0496524\" data-id=\"0496524\" data-element_type=\"column\" data-e-type=\"column\">\n\t\t\t<div class=\"elementor-widget-wrap elementor-element-populated\">\n\t\t\t\t\t\t<div class=\"elementor-element elementor-element-b947d6a elementor-widget elementor-widget-spacer\" data-id=\"b947d6a\" data-element_type=\"widget\" data-e-type=\"widget\" data-widget_type=\"spacer.default\">\n\t\t\t\t<div class=\"elementor-widget-container\">\n\t\t\t\t\t\t\t<div class=\"elementor-spacer\">\n\t\t\t<div class=\"elementor-spacer-inner\"><\/div>\n\t\t<\/div>\n\t\t\t\t\t\t<\/div>\n\t\t\t\t<\/div>\n\t\t\t\t<div class=\"elementor-element elementor-element-56fd63d elementor-widget elementor-widget-heading\" data-id=\"56fd63d\" data-element_type=\"widget\" data-e-type=\"widget\" data-widget_type=\"heading.default\">\n\t\t\t\t<div class=\"elementor-widget-container\">\n\t\t\t\t\t<h2 class=\"elementor-heading-title elementor-size-default\">Zaklju\u010dno sre\u010danje partnerjev v Gradcu v Avstriji<\/h2>\t\t\t\t<\/div>\n\t\t\t\t<\/div>\n\t\t\t\t<div class=\"elementor-element elementor-element-8f5f74c animated-slow elementor-widget-divider--view-line elementor-invisible elementor-widget elementor-widget-divider\" data-id=\"8f5f74c\" data-element_type=\"widget\" data-e-type=\"widget\" data-settings=\"{&quot;_animation&quot;:&quot;rotateInDownLeft&quot;}\" data-widget_type=\"divider.default\">\n\t\t\t\t<div class=\"elementor-widget-container\">\n\t\t\t\t\t\t\t<div class=\"elementor-divider\">\n\t\t\t<span class=\"elementor-divider-separator\">\n\t\t\t\t\t\t<\/span>\n\t\t<\/div>\n\t\t\t\t\t\t<\/div>\n\t\t\t\t<\/div>\n\t\t\t\t<div class=\"elementor-element elementor-element-0de463a elementor-widget elementor-widget-spacer\" data-id=\"0de463a\" data-element_type=\"widget\" data-e-type=\"widget\" data-widget_type=\"spacer.default\">\n\t\t\t\t<div class=\"elementor-widget-container\">\n\t\t\t\t\t\t\t<div class=\"elementor-spacer\">\n\t\t\t<div class=\"elementor-spacer-inner\"><\/div>\n\t\t<\/div>\n\t\t\t\t\t\t<\/div>\n\t\t\t\t<\/div>\n\t\t\t\t\t<\/div>\n\t\t<\/div>\n\t\t\t\t\t<\/div>\n\t\t<\/section>\n\t\t\t\t<section class=\"elementor-section elementor-top-section elementor-element elementor-element-aec20bd elementor-section-boxed elementor-section-height-default elementor-section-height-default\" data-id=\"aec20bd\" data-element_type=\"section\" data-e-type=\"section\" data-settings=\"{&quot;_ha_eqh_enable&quot;:false}\">\n\t\t\t\t\t\t<div class=\"elementor-container elementor-column-gap-default\">\n\t\t\t\t\t<div class=\"elementor-column elementor-col-100 elementor-top-column elementor-element elementor-element-ea87821\" data-id=\"ea87821\" data-element_type=\"column\" data-e-type=\"column\">\n\t\t\t<div class=\"elementor-widget-wrap elementor-element-populated\">\n\t\t\t\t\t\t<section class=\"elementor-section elementor-inner-section elementor-element elementor-element-55495e2 elementor-section-boxed elementor-section-height-default elementor-section-height-default\" data-id=\"55495e2\" data-element_type=\"section\" data-e-type=\"section\" data-settings=\"{&quot;_ha_eqh_enable&quot;:false}\">\n\t\t\t\t\t\t<div class=\"elementor-container elementor-column-gap-default\">\n\t\t\t\t\t<div class=\"elementor-column elementor-col-50 elementor-inner-column elementor-element elementor-element-db51acc\" data-id=\"db51acc\" data-element_type=\"column\" data-e-type=\"column\">\n\t\t\t<div class=\"elementor-widget-wrap elementor-element-populated\">\n\t\t\t\t\t\t<div class=\"elementor-element elementor-element-e516eed elementor-widget elementor-widget-spacer\" data-id=\"e516eed\" data-element_type=\"widget\" data-e-type=\"widget\" data-widget_type=\"spacer.default\">\n\t\t\t\t<div class=\"elementor-widget-container\">\n\t\t\t\t\t\t\t<div class=\"elementor-spacer\">\n\t\t\t<div class=\"elementor-spacer-inner\"><\/div>\n\t\t<\/div>\n\t\t\t\t\t\t<\/div>\n\t\t\t\t<\/div>\n\t\t\t\t<div class=\"elementor-element elementor-element-eb1835a animated-slow elementor-invisible elementor-widget elementor-widget-text-editor\" data-id=\"eb1835a\" data-element_type=\"widget\" data-e-type=\"widget\" data-settings=\"{&quot;_animation&quot;:&quot;zoomInDown&quot;}\" data-widget_type=\"text-editor.default\">\n\t\t\t\t<div class=\"elementor-widget-container\">\n\t\t\t\t\t\t\t\t\t<p>Projekt Buddy Migrants se je uspe\u0161no zaklju\u010dil z zaklju\u010dnim sre\u010danjem 18. decembra 2024 v Gradcu v Avstriji. Na tem hibridnem dogodku so vsi partnerji predstavili rezultate projekta in razpravljali o prihodnji trajnosti.<\/p><p>Zaklju\u010dno sre\u010danje v Gradcu je partnerjem omogo\u010dilo predstavitev dose\u017ekov projekta, vklju\u010dno z razvojem izobra\u017eevalnih virov in oblikovanjem podpornih mre\u017e, katerih cilj je spodbujati vklju\u010denost v izobra\u017eevalnih okoljih. Razprave so se osredoto\u010dile tudi na strategije za zagotavljanje dolgoro\u010dnega u\u010dinka projekta in nadaljevanje njegovih pobud po izteku uradnega \u010dasovnega okvira projekta.<\/p>\t\t\t\t\t\t\t\t<\/div>\n\t\t\t\t<\/div>\n\t\t\t\t\t<\/div>\n\t\t<\/div>\n\t\t\t\t<div class=\"elementor-column elementor-col-50 elementor-inner-column elementor-element elementor-element-8108391\" data-id=\"8108391\" data-element_type=\"column\" data-e-type=\"column\">\n\t\t\t<div class=\"elementor-widget-wrap elementor-element-populated\">\n\t\t\t\t\t\t<div class=\"elementor-element elementor-element-5005147 elementor-widget elementor-widget-spacer\" data-id=\"5005147\" data-element_type=\"widget\" data-e-type=\"widget\" data-widget_type=\"spacer.default\">\n\t\t\t\t<div class=\"elementor-widget-container\">\n\t\t\t\t\t\t\t<div class=\"elementor-spacer\">\n\t\t\t<div class=\"elementor-spacer-inner\"><\/div>\n\t\t<\/div>\n\t\t\t\t\t\t<\/div>\n\t\t\t\t<\/div>\n\t\t\t\t<div class=\"elementor-element elementor-element-2168d1e animated-slow elementor-invisible elementor-widget elementor-widget-image\" data-id=\"2168d1e\" data-element_type=\"widget\" data-e-type=\"widget\" data-settings=\"{&quot;_animation&quot;:&quot;fadeInDown&quot;}\" data-widget_type=\"image.default\">\n\t\t\t\t<div class=\"elementor-widget-container\">\n\t\t\t\t\t\t\t\t\t\t\t\t\t\t\t<img fetchpriority=\"high\" decoding=\"async\" width=\"768\" height=\"403\" src=\"https:\/\/buddy-migrants.eu\/wp-content\/uploads\/2025\/02\/Screenshot-2024-12-18-095010-1-768x403.png\" class=\"attachment-medium_large size-medium_large wp-image-1508\" alt=\"\" srcset=\"https:\/\/buddy-migrants.eu\/wp-content\/uploads\/2025\/02\/Screenshot-2024-12-18-095010-1-768x403.png 768w, https:\/\/buddy-migrants.eu\/wp-content\/uploads\/2025\/02\/Screenshot-2024-12-18-095010-1-300x158.png 300w, https:\/\/buddy-migrants.eu\/wp-content\/uploads\/2025\/02\/Screenshot-2024-12-18-095010-1-1024x538.png 1024w, https:\/\/buddy-migrants.eu\/wp-content\/uploads\/2025\/02\/Screenshot-2024-12-18-095010-1-1536x806.png 1536w, https:\/\/buddy-migrants.eu\/wp-content\/uploads\/2025\/02\/Screenshot-2024-12-18-095010-1-720x378.png 720w, https:\/\/buddy-migrants.eu\/wp-content\/uploads\/2025\/02\/Screenshot-2024-12-18-095010-1.png 1920w\" sizes=\"(max-width: 768px) 100vw, 768px\" \/>\t\t\t\t\t\t\t\t\t\t\t\t\t\t\t<\/div>\n\t\t\t\t<\/div>\n\t\t\t\t\t<\/div>\n\t\t<\/div>\n\t\t\t\t\t<\/div>\n\t\t<\/section>\n\t\t\t\t<div class=\"elementor-element elementor-element-4abd947 animated-slow elementor-invisible elementor-widget elementor-widget-text-editor\" data-id=\"4abd947\" data-element_type=\"widget\" data-e-type=\"widget\" data-settings=\"{&quot;_animation&quot;:&quot;zoomInDown&quot;}\" data-widget_type=\"text-editor.default\">\n\t\t\t\t<div class=\"elementor-widget-container\">\n\t\t\t\t\t\t\t\t\t<p>Udele\u017eenci so izrazili trdno zavezanost ohranjanju zagona, ki ga je ustvaril projekt, in poudarili pomen trajnega sodelovanja ter izvajanja orodij in metodologij, razvitih v njihovih skupnostih.<\/p>\t\t\t\t\t\t\t\t<\/div>\n\t\t\t\t<\/div>\n\t\t\t\t\t<\/div>\n\t\t<\/div>\n\t\t\t\t\t<\/div>\n\t\t<\/section>\n\t\t\t\t<section class=\"elementor-section elementor-top-section elementor-element elementor-element-2445bc7 elementor-section-boxed elementor-section-height-default elementor-section-height-default\" data-id=\"2445bc7\" data-element_type=\"section\" data-e-type=\"section\" data-settings=\"{&quot;_ha_eqh_enable&quot;:false}\">\n\t\t\t\t\t\t<div class=\"elementor-container elementor-column-gap-default\">\n\t\t\t\t\t<div class=\"elementor-column elementor-col-33 elementor-top-column elementor-element elementor-element-17c642c\" data-id=\"17c642c\" data-element_type=\"column\" data-e-type=\"column\">\n\t\t\t<div class=\"elementor-widget-wrap elementor-element-populated\">\n\t\t\t\t\t\t<div class=\"elementor-element elementor-element-90b9114 elementor-widget elementor-widget-spacer\" data-id=\"90b9114\" data-element_type=\"widget\" data-e-type=\"widget\" data-widget_type=\"spacer.default\">\n\t\t\t\t<div class=\"elementor-widget-container\">\n\t\t\t\t\t\t\t<div class=\"elementor-spacer\">\n\t\t\t<div class=\"elementor-spacer-inner\"><\/div>\n\t\t<\/div>\n\t\t\t\t\t\t<\/div>\n\t\t\t\t<\/div>\n\t\t\t\t<div class=\"elementor-element elementor-element-abf0a25 elementor-widget elementor-widget-image\" data-id=\"abf0a25\" data-element_type=\"widget\" data-e-type=\"widget\" data-widget_type=\"image.default\">\n\t\t\t\t<div class=\"elementor-widget-container\">\n\t\t\t\t\t\t\t\t\t\t\t\t\t\t\t<img decoding=\"async\" width=\"300\" height=\"63\" src=\"https:\/\/buddy-migrants.eu\/wp-content\/uploads\/2023\/06\/EN-Co-funded-by-the-EU_PANTONE-1-300x63.jpg\" class=\"attachment-medium size-medium wp-image-79\" alt=\"\" srcset=\"https:\/\/buddy-migrants.eu\/wp-content\/uploads\/2023\/06\/EN-Co-funded-by-the-EU_PANTONE-1-300x63.jpg 300w, https:\/\/buddy-migrants.eu\/wp-content\/uploads\/2023\/06\/EN-Co-funded-by-the-EU_PANTONE-1-1024x215.jpg 1024w, https:\/\/buddy-migrants.eu\/wp-content\/uploads\/2023\/06\/EN-Co-funded-by-the-EU_PANTONE-1-768x161.jpg 768w, https:\/\/buddy-migrants.eu\/wp-content\/uploads\/2023\/06\/EN-Co-funded-by-the-EU_PANTONE-1-1536x322.jpg 1536w, https:\/\/buddy-migrants.eu\/wp-content\/uploads\/2023\/06\/EN-Co-funded-by-the-EU_PANTONE-1-2048x430.jpg 2048w, https:\/\/buddy-migrants.eu\/wp-content\/uploads\/2023\/06\/EN-Co-funded-by-the-EU_PANTONE-1-720x151.jpg 720w\" sizes=\"(max-width: 300px) 100vw, 300px\" \/>\t\t\t\t\t\t\t\t\t\t\t\t\t\t\t<\/div>\n\t\t\t\t<\/div>\n\t\t\t\t<div class=\"elementor-element elementor-element-71e439d elementor-widget elementor-widget-text-editor\" data-id=\"71e439d\" data-element_type=\"widget\" data-e-type=\"widget\" data-widget_type=\"text-editor.default\">\n\t\t\t\t<div class=\"elementor-widget-container\">\n\t\t\t\t\t\t\t\t\t<p>Ta projekt je financirala Evropska komisija. Ta publikacija odra\u017ea samo stali\u0161\u010da avtorja in Komisija ne more biti odgovorna za kakr\u0161no koli uporabo informacij, ki jih vsebuje. 2022-1-BE02-KA220-SCH-000086016<\/p>\t\t\t\t\t\t\t\t<\/div>\n\t\t\t\t<\/div>\n\t\t\t\t\t<\/div>\n\t\t<\/div>\n\t\t\t\t<div class=\"elementor-column elementor-col-33 elementor-top-column elementor-element elementor-element-3670cfb\" data-id=\"3670cfb\" data-element_type=\"column\" data-e-type=\"column\">\n\t\t\t<div class=\"elementor-widget-wrap\">\n\t\t\t\t\t\t\t<\/div>\n\t\t<\/div>\n\t\t\t\t<div class=\"elementor-column elementor-col-33 elementor-top-column elementor-element elementor-element-e341a92\" data-id=\"e341a92\" data-element_type=\"column\" data-e-type=\"column\">\n\t\t\t<div class=\"elementor-widget-wrap elementor-element-populated\">\n\t\t\t\t\t\t<div class=\"elementor-element elementor-element-ab5b70f elementor-widget elementor-widget-spacer\" data-id=\"ab5b70f\" data-element_type=\"widget\" data-e-type=\"widget\" data-widget_type=\"spacer.default\">\n\t\t\t\t<div class=\"elementor-widget-container\">\n\t\t\t\t\t\t\t<div class=\"elementor-spacer\">\n\t\t\t<div class=\"elementor-spacer-inner\"><\/div>\n\t\t<\/div>\n\t\t\t\t\t\t<\/div>\n\t\t\t\t<\/div>\n\t\t\t\t<div class=\"elementor-element elementor-element-536f143 elementor-widget elementor-widget-image\" data-id=\"536f143\" data-element_type=\"widget\" data-e-type=\"widget\" data-widget_type=\"image.default\">\n\t\t\t\t<div class=\"elementor-widget-container\">\n\t\t\t\t\t\t\t\t\t\t\t\t\t\t\t<img decoding=\"async\" width=\"222\" height=\"96\" src=\"https:\/\/buddy-migrants.eu\/wp-content\/uploads\/2023\/06\/cropped-250-250.png\" class=\"attachment-large size-large wp-image-27\" alt=\"\" \/>\t\t\t\t\t\t\t\t\t\t\t\t\t\t\t<\/div>\n\t\t\t\t<\/div>\n\t\t\t\t<div class=\"elementor-element elementor-element-c4849e7 elementor-widget elementor-widget-text-editor\" data-id=\"c4849e7\" data-element_type=\"widget\" data-e-type=\"widget\" data-widget_type=\"text-editor.default\">\n\t\t\t\t<div class=\"elementor-widget-container\">\n\t\t\t\t\t\t\t\t\t<a style=\"color: #a0a0a0;\" href=\"https:\/\/buddy-migrants.eu\/?page_id=107\" target=\"_blank\" rel=\"noopener\">Terms of Use<\/a>\t\t\t\t\t\t\t\t<\/div>\n\t\t\t\t<\/div>\n\t\t\t\t<div class=\"elementor-element elementor-element-6430dfe elementor-shape-circle elementor-grid-0 e-grid-align-center elementor-widget elementor-widget-social-icons\" data-id=\"6430dfe\" data-element_type=\"widget\" data-e-type=\"widget\" data-widget_type=\"social-icons.default\">\n\t\t\t\t<div class=\"elementor-widget-container\">\n\t\t\t\t\t\t\t<div class=\"elementor-social-icons-wrapper elementor-grid\" role=\"list\">\n\t\t\t\t\t\t\t<span class=\"elementor-grid-item\" role=\"listitem\">\n\t\t\t\t\t<a class=\"elementor-icon elementor-social-icon elementor-social-icon-facebook elementor-repeater-item-6c533b5\" href=\"https:\/\/www.facebook.com\/BuddyMigrants\/\" target=\"_blank\">\n\t\t\t\t\t\t<span class=\"elementor-screen-only\">Facebook<\/span>\n\t\t\t\t\t\t<i aria-hidden=\"true\" class=\"fab fa-facebook\"><\/i>\t\t\t\t\t<\/a>\n\t\t\t\t<\/span>\n\t\t\t\t\t\t\t<span class=\"elementor-grid-item\" role=\"listitem\">\n\t\t\t\t\t<a class=\"elementor-icon elementor-social-icon elementor-social-icon-twitter elementor-repeater-item-d636c72\" href=\"https:\/\/twitter.com\/BuddyMigrants\" target=\"_blank\">\n\t\t\t\t\t\t<span class=\"elementor-screen-only\">Twitter<\/span>\n\t\t\t\t\t\t<i aria-hidden=\"true\" class=\"fab fa-twitter\"><\/i>\t\t\t\t\t<\/a>\n\t\t\t\t<\/span>\n\t\t\t\t\t\t\t<span class=\"elementor-grid-item\" role=\"listitem\">\n\t\t\t\t\t<a class=\"elementor-icon elementor-social-icon elementor-social-icon-linkedin elementor-repeater-item-01e6d37\" href=\"https:\/\/www.linkedin.com\/company\/buddymigrants\/\" target=\"_blank\">\n\t\t\t\t\t\t<span class=\"elementor-screen-only\">Linkedin<\/span>\n\t\t\t\t\t\t<i aria-hidden=\"true\" class=\"fab fa-linkedin\"><\/i>\t\t\t\t\t<\/a>\n\t\t\t\t<\/span>\n\t\t\t\t\t<\/div>\n\t\t\t\t\t\t<\/div>\n\t\t\t\t<\/div>\n\t\t\t\t\t<\/div>\n\t\t<\/div>\n\t\t\t\t\t<\/div>\n\t\t<\/section>\n\t\t\t\t<section class=\"elementor-section elementor-top-section elementor-element elementor-element-d97fa4b elementor-section-boxed elementor-section-height-default elementor-section-height-default\" data-id=\"d97fa4b\" data-element_type=\"section\" data-e-type=\"section\" data-settings=\"{&quot;_ha_eqh_enable&quot;:false}\">\n\t\t\t\t\t\t<div class=\"elementor-container elementor-column-gap-default\">\n\t\t\t\t\t<div class=\"elementor-column elementor-col-100 elementor-top-column elementor-element elementor-element-98c812d\" data-id=\"98c812d\" data-element_type=\"column\" data-e-type=\"column\">\n\t\t\t<div class=\"elementor-widget-wrap elementor-element-populated\">\n\t\t\t\t\t\t<div class=\"elementor-element elementor-element-625df44 elementor-widget-divider--view-line elementor-widget elementor-widget-divider\" data-id=\"625df44\" data-element_type=\"widget\" data-e-type=\"widget\" data-widget_type=\"divider.default\">\n\t\t\t\t<div class=\"elementor-widget-container\">\n\t\t\t\t\t\t\t<div class=\"elementor-divider\">\n\t\t\t<span class=\"elementor-divider-separator\">\n\t\t\t\t\t\t<\/span>\n\t\t<\/div>\n\t\t\t\t\t\t<\/div>\n\t\t\t\t<\/div>\n\t\t\t\t\t<\/div>\n\t\t<\/div>\n\t\t\t\t\t<\/div>\n\t\t<\/section>\n\t\t\t\t<section class=\"elementor-section elementor-top-section elementor-element elementor-element-aabb39d elementor-section-boxed elementor-section-height-default elementor-section-height-default\" data-id=\"aabb39d\" data-element_type=\"section\" data-e-type=\"section\" data-settings=\"{&quot;_ha_eqh_enable&quot;:false}\">\n\t\t\t\t\t\t<div class=\"elementor-container elementor-column-gap-default\">\n\t\t\t\t\t<div class=\"elementor-column elementor-col-33 elementor-top-column elementor-element elementor-element-fbdfa0e\" data-id=\"fbdfa0e\" data-element_type=\"column\" data-e-type=\"column\">\n\t\t\t<div class=\"elementor-widget-wrap elementor-element-populated\">\n\t\t\t\t\t\t<div class=\"elementor-element elementor-element-0aaedab elementor-widget elementor-widget-text-editor\" data-id=\"0aaedab\" data-element_type=\"widget\" data-e-type=\"widget\" data-widget_type=\"text-editor.default\">\n\t\t\t\t<div class=\"elementor-widget-container\">\n\t\t\t\t\t\t\t\t\t<p>Copyright \u00a9 2023 Buddy Migrants. All Rights Reserved<\/p>\t\t\t\t\t\t\t\t<\/div>\n\t\t\t\t<\/div>\n\t\t\t\t\t<\/div>\n\t\t<\/div>\n\t\t\t\t<div class=\"elementor-column elementor-col-33 elementor-top-column elementor-element elementor-element-bfc6f89\" data-id=\"bfc6f89\" data-element_type=\"column\" data-e-type=\"column\">\n\t\t\t<div class=\"elementor-widget-wrap\">\n\t\t\t\t\t\t\t<\/div>\n\t\t<\/div>\n\t\t\t\t<div class=\"elementor-column elementor-col-33 elementor-top-column elementor-element elementor-element-fac49a9\" data-id=\"fac49a9\" data-element_type=\"column\" data-e-type=\"column\">\n\t\t\t<div class=\"elementor-widget-wrap elementor-element-populated\">\n\t\t\t\t\t\t<div class=\"elementor-element elementor-element-2ddce4d elementor-widget elementor-widget-text-editor\" data-id=\"2ddce4d\" data-element_type=\"widget\" data-e-type=\"widget\" data-widget_type=\"text-editor.default\">\n\t\t\t\t<div class=\"elementor-widget-container\">\n\t\t\t\t\t\t\t\t\t<span style=\"color: #797979; text-align: left;\">Powered by\u00a0<\/span><a style=\"color: #797979; text-align: right;\" href=\"https:\/\/innovationhive.eu\/\" target=\"_blank\" rel=\"noopener\">Innovation Hive<\/a>\t\t\t\t\t\t\t\t<\/div>\n\t\t\t\t<\/div>\n\t\t\t\t\t<\/div>\n\t\t<\/div>\n\t\t\t\t\t<\/div>\n\t\t<\/section>\n\t\t\t\t<\/div>\n\t\t","protected":false},"excerpt":{"rendered":"<p>Zaklju\u010dno sre\u010danje partnerjev v Gradcu v Avstriji Projekt Buddy Migrants se je uspe\u0161no zaklju\u010dil z zaklju\u010dnim sre\u010danjem 18. decembra 2024 [&hellip;]<\/p>\n","protected":false},"author":1,"featured_media":0,"parent":0,"menu_order":0,"comment_status":"closed","ping_status":"closed","template":"page-templates\/template_page-builder.php","meta":{"om_disable_all_campaigns":false,"_monsterinsights_skip_tracking":false,"_monsterinsights_sitenote_active":false,"_monsterinsights_sitenote_note":"","_monsterinsights_sitenote_category":0,"_uf_show_specific_survey":0,"_uf_disable_surveys":false,"footnotes":""},"class_list":["post-1534","page","type-page","status-publish","hentry"],"aioseo_notices":[],"_links":{"self":[{"href":"https:\/\/buddy-migrants.eu\/index.php?rest_route=\/wp\/v2\/pages\/1534","targetHints":{"allow":["GET"]}}],"collection":[{"href":"https:\/\/buddy-migrants.eu\/index.php?rest_route=\/wp\/v2\/pages"}],"about":[{"href":"https:\/\/buddy-migrants.eu\/index.php?rest_route=\/wp\/v2\/types\/page"}],"author":[{"embeddable":true,"href":"https:\/\/buddy-migrants.eu\/index.php?rest_route=\/wp\/v2\/users\/1"}],"replies":[{"embeddable":true,"href":"https:\/\/buddy-migrants.eu\/index.php?rest_route=%2Fwp%2Fv2%2Fcomments&post=1534"}],"version-history":[{"count":4,"href":"https:\/\/buddy-migrants.eu\/index.php?rest_route=\/wp\/v2\/pages\/1534\/revisions"}],"predecessor-version":[{"id":1539,"href":"https:\/\/buddy-migrants.eu\/index.php?rest_route=\/wp\/v2\/pages\/1534\/revisions\/1539"}],"wp:attachment":[{"href":"https:\/\/buddy-migrants.eu\/index.php?rest_route=%2Fwp%2Fv2%2Fmedia&parent=1534"}],"curies":[{"name":"wp","href":"https:\/\/api.w.org\/{rel}","templated":true}]}}